{"id":2332,"date":"2025-07-01T06:56:03","date_gmt":"2025-07-01T06:56:03","guid":{"rendered":"https:\/\/stark-water.com\/product\/100l-single-effect-evaporator-electric-heating-evaporator-pervaporation-machine-for-waste-gas-treatment\/"},"modified":"2026-03-20T17:37:27","modified_gmt":"2026-03-20T09:37:27","slug":"evaporateur-a-simple-effet-100l-evaporateur-a-chauffage-electrique-machine-de-pervaporation-pour-le-traitement-des-gaz-dechappement","status":"publish","type":"product","link":"https:\/\/stark-water.com\/fr\/produit\/evaporateur-a-simple-effet-100l-evaporateur-a-chauffage-electrique-machine-de-pervaporation-pour-le-traitement-des-gaz-dechappement\/","title":{"rendered":"\u00c9vaporateur \u00e0 simple effet 100L\/\u00e9vaporateur \u00e0 chauffage \u00e9lectrique machine de pervaporation pour le traitement des gaz d'\u00e9chappement"},"content":{"rendered":"","protected":false},"excerpt":{"rendered":"","protected":false},"featured_media":3425,"comment_status":"closed","ping_status":"closed","template":"","meta":{"_acf_changed":false,"site-sidebar-layout":"default","site-content-layout":"","ast-site-content-layout":"default","site-content-style":"default","site-sidebar-style":"default","ast-global-header-display":"","ast-banner-title-visibility":"","ast-main-header-display":"","ast-hfb-above-header-display":"","ast-hfb-below-header-display":"","ast-hfb-mobile-header-display":"","site-post-title":"","ast-breadcrumbs-content":"","ast-featured-img":"","footer-sml-layout":"","theme-transparent-header-meta":"default","adv-header-id-meta":"","stick-header-meta":"default","header-above-stick-meta":"","header-main-stick-meta":"","header-below-stick-meta":"","astra-migrate-meta-layouts":"set","ast-page-background-enabled":"default","ast-page-background-meta":{"desktop":{"background-color":"var(--ast-global-color-5)","background-image":"","background-repeat":"repeat","background-position":"center center","background-size":"auto","background-attachment":"scroll","background-type":"","background-media":"","overlay-type":"","overlay-color":"","overlay-opacity":"","overlay-gradient":""},"tablet":{"background-color":"","background-image":"","background-repeat":"repeat","background-position":"center center","background-size":"auto","background-attachment":"scroll","background-type":"","background-media":"","overlay-type":"","overlay-color":"","overlay-opacity":"","overlay-gradient":""},"mobile":{"background-color":"","background-image":"","background-repeat":"repeat","background-position":"center center","background-size":"auto","background-attachment":"scroll","background-type":"","background-media":"","overlay-type":"","overlay-color":"","overlay-opacity":"","overlay-gradient":""}},"ast-content-background-meta":{"desktop":{"background-color":"var(--ast-global-color-4)","background-image":"","background-repeat":"repeat","background-position":"center center","background-size":"auto","background-attachment":"scroll","background-type":"","background-media":"","overlay-type":"","overlay-color":"","overlay-opacity":"","overlay-gradient":""},"tablet":{"background-color":"var(--ast-global-color-4)","background-image":"","background-repeat":"repeat","background-position":"center center","background-size":"auto","background-attachment":"scroll","background-type":"","background-media":"","overlay-type":"","overlay-color":"","overlay-opacity":"","overlay-gradient":""},"mobile":{"background-color":"var(--ast-global-color-4)","background-image":"","background-repeat":"repeat","background-position":"center center","background-size":"auto","background-attachment":"scroll","background-type":"","background-media":"","overlay-type":"","overlay-color":"","overlay-opacity":"","overlay-gradient":""}},"_joinchat":[]},"product_brand":[52],"product_cat":[143],"product_tag":[158],"class_list":{"0":"post-2332","1":"product","2":"type-product","3":"status-publish","4":"has-post-thumbnail","6":"product_brand-stark-water","7":"product_cat-mixing-tank","8":"product_tag-mixing-tank","9":"desktop-align-left","10":"tablet-align-left","11":"mobile-align-left","12":"ast-product-gallery-layout-horizontal-slider","13":"ast-product-tabs-layout-horizontal","15":"first","16":"instock","17":"product-type-simple"},"acf":[],"_links":{"self":[{"href":"https:\/\/stark-water.com\/fr\/wp-json\/wp\/v2\/product\/2332","targetHints":{"allow":["GET"]}}],"collection":[{"href":"https:\/\/stark-water.com\/fr\/wp-json\/wp\/v2\/product"}],"about":[{"href":"https:\/\/stark-water.com\/fr\/wp-json\/wp\/v2\/types\/product"}],"replies":[{"embeddable":true,"href":"https:\/\/stark-water.com\/fr\/wp-json\/wp\/v2\/comments?post=2332"}],"version-history":[{"count":1,"href":"https:\/\/stark-water.com\/fr\/wp-json\/wp\/v2\/product\/2332\/revisions"}],"predecessor-version":[{"id":68649,"href":"https:\/\/stark-water.com\/fr\/wp-json\/wp\/v2\/product\/2332\/revisions\/68649"}],"wp:featuredmedia":[{"embeddable":true,"href":"https:\/\/stark-water.com\/fr\/wp-json\/wp\/v2\/media\/3425"}],"wp:attachment":[{"href":"https:\/\/stark-water.com\/fr\/wp-json\/wp\/v2\/media?parent=2332"}],"wp:term":[{"taxonomy":"product_brand","embeddable":true,"href":"https:\/\/stark-water.com\/fr\/wp-json\/wp\/v2\/product_brand?post=2332"},{"taxonomy":"product_cat","embeddable":true,"href":"https:\/\/stark-water.com\/fr\/wp-json\/wp\/v2\/product_cat?post=2332"},{"taxonomy":"product_tag","embeddable":true,"href":"https:\/\/stark-water.com\/fr\/wp-json\/wp\/v2\/product_tag?post=2332"}],"curies":[{"name":"wp","href":"https:\/\/api.w.org\/{rel}","templated":true}]}}