{"id":2448,"date":"2025-07-01T06:57:06","date_gmt":"2025-07-01T06:57:06","guid":{"rendered":"https:\/\/stark-water.com\/product\/stk-50t-odm-sea-water-purification-large-reverse-osmosis-pure-water-equipment-chemical-water-treatment-plant\/"},"modified":"2026-03-20T17:29:33","modified_gmt":"2026-03-20T09:29:33","slug":"stk-50t-odm-sea-water-purification-large-reverse-osmosis-pure-water-equipment-chemical-water-treatment-plant","status":"publish","type":"product","link":"https:\/\/stark-water.com\/pl\/product\/stk-50t-odm-sea-water-purification-large-reverse-osmosis-pure-water-equipment-chemical-water-treatment-plant\/","title":{"rendered":"STK 50T Odm Oczyszczanie wody morskiej du\u017cy sprz\u0119t do czystej wody z odwr\u00f3con\u0105 osmoz\u0105 Chemiczna stacja uzdatniania wody"},"content":{"rendered":"","protected":false},"excerpt":{"rendered":"","protected":false},"featured_media":3151,"comment_status":"closed","ping_status":"closed","template":"","meta":{"_acf_changed":false,"site-sidebar-layout":"default","site-content-layout":"","ast-site-content-layout":"default","site-content-style":"default","site-sidebar-style":"default","ast-global-header-display":"","ast-banner-title-visibility":"","ast-main-header-display":"","ast-hfb-above-header-display":"","ast-hfb-below-header-display":"","ast-hfb-mobile-header-display":"","site-post-title":"","ast-breadcrumbs-content":"","ast-featured-img":"","footer-sml-layout":"","theme-transparent-header-meta":"default","adv-header-id-meta":"","stick-header-meta":"default","header-above-stick-meta":"","header-main-stick-meta":"","header-below-stick-meta":"","astra-migrate-meta-layouts":"set","ast-page-background-enabled":"default","ast-page-background-meta":{"desktop":{"background-color":"var(--ast-global-color-5)","background-image":"","background-repeat":"repeat","background-position":"center center","background-size":"auto","background-attachment":"scroll","background-type":"","background-media":"","overlay-type":"","overlay-color":"","overlay-opacity":"","overlay-gradient":""},"tablet":{"background-color":"","background-image":"","background-repeat":"repeat","background-position":"center center","background-size":"auto","background-attachment":"scroll","background-type":"","background-media":"","overlay-type":"","overlay-color":"","overlay-opacity":"","overlay-gradient":""},"mobile":{"background-color":"","background-image":"","background-repeat":"repeat","background-position":"center center","background-size":"auto","background-attachment":"scroll","background-type":"","background-media":"","overlay-type":"","overlay-color":"","overlay-opacity":"","overlay-gradient":""}},"ast-content-background-meta":{"desktop":{"background-color":"var(--ast-global-color-4)","background-image":"","background-repeat":"repeat","background-position":"center center","background-size":"auto","background-attachment":"scroll","background-type":"","background-media":"","overlay-type":"","overlay-color":"","overlay-opacity":"","overlay-gradient":""},"tablet":{"background-color":"var(--ast-global-color-4)","background-image":"","background-repeat":"repeat","background-position":"center center","background-size":"auto","background-attachment":"scroll","background-type":"","background-media":"","overlay-type":"","overlay-color":"","overlay-opacity":"","overlay-gradient":""},"mobile":{"background-color":"var(--ast-global-color-4)","background-image":"","background-repeat":"repeat","background-position":"center center","background-size":"auto","background-attachment":"scroll","background-type":"","background-media":"","overlay-type":"","overlay-color":"","overlay-opacity":"","overlay-gradient":""}},"_joinchat":[]},"product_brand":[52],"product_cat":[25],"product_tag":[149],"class_list":{"0":"post-2448","1":"product","2":"type-product","3":"status-publish","4":"has-post-thumbnail","6":"product_brand-stark-water","7":"product_cat-reverse-osmosis-system","8":"product_tag-reverse-osmosis-system","9":"desktop-align-left","10":"tablet-align-left","11":"mobile-align-left","12":"ast-product-gallery-layout-horizontal-slider","13":"ast-product-tabs-layout-horizontal","15":"first","16":"instock","17":"product-type-simple"},"acf":[],"_links":{"self":[{"href":"https:\/\/stark-water.com\/pl\/wp-json\/wp\/v2\/product\/2448","targetHints":{"allow":["GET"]}}],"collection":[{"href":"https:\/\/stark-water.com\/pl\/wp-json\/wp\/v2\/product"}],"about":[{"href":"https:\/\/stark-water.com\/pl\/wp-json\/wp\/v2\/types\/product"}],"replies":[{"embeddable":true,"href":"https:\/\/stark-water.com\/pl\/wp-json\/wp\/v2\/comments?post=2448"}],"version-history":[{"count":1,"href":"https:\/\/stark-water.com\/pl\/wp-json\/wp\/v2\/product\/2448\/revisions"}],"predecessor-version":[{"id":68646,"href":"https:\/\/stark-water.com\/pl\/wp-json\/wp\/v2\/product\/2448\/revisions\/68646"}],"wp:featuredmedia":[{"embeddable":true,"href":"https:\/\/stark-water.com\/pl\/wp-json\/wp\/v2\/media\/3151"}],"wp:attachment":[{"href":"https:\/\/stark-water.com\/pl\/wp-json\/wp\/v2\/media?parent=2448"}],"wp:term":[{"taxonomy":"product_brand","embeddable":true,"href":"https:\/\/stark-water.com\/pl\/wp-json\/wp\/v2\/product_brand?post=2448"},{"taxonomy":"product_cat","embeddable":true,"href":"https:\/\/stark-water.com\/pl\/wp-json\/wp\/v2\/product_cat?post=2448"},{"taxonomy":"product_tag","embeddable":true,"href":"https:\/\/stark-water.com\/pl\/wp-json\/wp\/v2\/product_tag?post=2448"}],"curies":[{"name":"wp","href":"https:\/\/api.w.org\/{rel}","templated":true}]}}